{"id":617,"date":"2020-01-24T18:11:29","date_gmt":"2020-01-24T18:11:29","guid":{"rendered":"http:\/\/saaristovalittaja.local\/sample-page\/"},"modified":"2023-01-04T13:58:04","modified_gmt":"2023-01-04T11:58:04","slug":"home","status":"publish","type":"page","link":"https:\/\/xn--saaristovlittj-eibeb.fi\/sv\/","title":{"rendered":"Home"},"content":{"rendered":"<div class=\"intro\">\r\n    <div class=\"intro__container container\">\r\n        <div class=\"intro__row row\">\r\n                                                <div class=\"intro__content\">\r\n                        <h2 style=\"text-align: center;\"><\/h2>\n<h2 style=\"text-align: center;\"><\/h2>\n<p>&nbsp;<\/p>\n<h2 style=\"text-align: center;\"><span style=\"color: #273f60;\"><strong>\u00c4rlig och effektiv fastighetsf\u00f6rmedling i redan 40 \u00e5r.<br \/>\nSka du s\u00e4lja &#8211; fr\u00e5ga oss f\u00f6rst !<\/strong><\/span><\/h2>\n<p>&nbsp;<\/p>\n<p style=\"text-align: center;\"><span style=\"color: #273f60;\"><strong>Kostnadsfritt v\u00e4rderingsbes\u00f6k vid f\u00f6rs\u00e4ljning<br \/>\n<\/strong><\/span><span style=\"color: #273f60;\"><strong>Erfarna, proffsiga m\u00e4klare<br \/>\n<\/strong><\/span><span style=\"color: #273f60;\"><strong>B\u00e4sta lokalk\u00e4nnedom<br \/>\n<\/strong><\/span><span style=\"color: #273f60;\"><strong>M\u00e5ngsidig och effektiv marknadsf\u00f6ring<br \/>\n<\/strong><\/span><span style=\"color: #273f60;\"><strong>H\u00f6gklassiga fotografier<\/strong><\/span><\/p>\n                    <\/div>\r\n                                                        <div class=\"intro__img\">\r\n                    <div class=\"intro__img-wrap\">\r\n                        <img decoding=\"async\" src=\"https:\/\/xn--saaristovlittj-eibeb.fi\/wp-content\/uploads\/2020\/01\/anchor.svg\" alt=\"\"\/>\r\n                    <\/div>\r\n                <\/div>\r\n                    <\/div>\r\n    <\/div>\r\n<\/div>\n\n<div class=\"img_title_grid\">\n    <div class=\"img_title_grid__container container-fluid\">\n        <div class=\"img_title_grid__items-wrap\">\n        <div class=\"img_title_grid__row row\">\n\n                \n                        <div class=\"img_title_grid__item\">\n                                                            <div class=\"img_title_grid__img\">\n                                    <div class=\"img_title_grid__img-wrap\">\n                                        <img decoding=\"async\" src=\"https:\/\/xn--saaristovlittj-eibeb.fi\/wp-content\/uploads\/2020\/04\/etusivu-asunnot-e1588155487305.jpg\" alt=\"\"\/>\n                                    <\/div>\n                                <\/div>\n                                                                                        <a class=\"img_title_grid__link\" style=\"background-color: #0a0a0a\" href=\"https:\/\/xn--saaristovlittj-eibeb.fi\/sv\/bostader\/\" target=\"_self\">BOST\u00c4DER \u00bb<\/a>\n                                                                                <\/div>\n\n                    \n                        <div class=\"img_title_grid__item\">\n                                                            <div class=\"img_title_grid__img\">\n                                    <div class=\"img_title_grid__img-wrap\">\n                                        <img decoding=\"async\" src=\"https:\/\/xn--saaristovlittj-eibeb.fi\/wp-content\/uploads\/2020\/04\/10082015-163-scaled-e1588155729962.jpg\" alt=\"\"\/>\n                                    <\/div>\n                                <\/div>\n                                                                                        <a class=\"img_title_grid__link\" style=\"background-color: #000000\" href=\"https:\/\/xn--saaristovlittj-eibeb.fi\/sv\/fritid\/\" target=\"_self\">FRITID \u00bb<\/a>\n                                                                                <\/div>\n\n                    \n                        <div class=\"img_title_grid__item\">\n                                                            <div class=\"img_title_grid__img\">\n                                    <div class=\"img_title_grid__img-wrap\">\n                                        <img decoding=\"async\" src=\"https:\/\/xn--saaristovlittj-eibeb.fi\/wp-content\/uploads\/2020\/04\/20092016-026-2-scaled-e1588155470240.jpg\" alt=\"\"\/>\n                                    <\/div>\n                                <\/div>\n                                                                                        <a class=\"img_title_grid__link\" style=\"background-color: #000000\" href=\"https:\/\/xn--saaristovlittj-eibeb.fi\/sv\/tomter\/\" target=\"_self\">TOMTER \u00bb<\/a>\n                                                                                <\/div>\n\n                                <\/div>\n        <\/div>\n    <\/div>\n<\/div>\n\n\n\n<div class=\"wp-block-group details\"><div class=\"wp-block-group__inner-container is-layout-flow wp-block-group-is-layout-flow\">\n<div class=\"wp-block-columns container is-layout-flex wp-container-core-columns-is-layout-1 wp-block-columns-is-layout-flex\">\n<div class=\"wp-block-column is-layout-flow wp-block-column-is-layout-flow\">\n<h2 class=\"has-text-color wp-block-heading\" style=\"color:#273f60\"> <strong>Om oss <\/strong><\/h2>\n\n\n\n<p> Sk\u00e4rg\u00e5rdsm\u00e4klaren Ab \u00e4r ett lokalt f\u00f6retag som redan i 40 \u00e5r fungerat i Pargas och sk\u00e4rg\u00e5rden. Vi har valt att forts\u00e4tta som familjef\u00f6retag. Hos oss blir du betj\u00e4nad av samma bekanta kunniga personal. <\/p>\n\n\n\n<p> Vi \u00e4r m\u00e5na om v\u00e5rt goda rykte och upplever att vi har lyckats n\u00e4r v\u00e5ra kunder rekommenderar oss f\u00f6r sina bekanta. V\u00e5r tanke \u00e4r att du som kund skall k\u00e4nna dig omh\u00e4ndertagen och trygg under hela f\u00f6rs\u00e4ljningsskedet. <\/p>\n\n\n\n<p> Vi \u00e4r en \u00e4rlig och frist\u00e5ende fastighetsf\u00f6rmedlingsbyr\u00e5 med goda kontakter till olika banker och tj\u00e4nstem\u00e4n. Vi kan branschens lagstiftning och f\u00f6ljer Finlands Fastighetsm\u00e4klaref\u00f6rbund r.f:s rekommendationer om etik och God F\u00f6rmedlingssed. Vi \u00e4r ansvarsf\u00f6rs\u00e4krade och fortbildar oss mera hela tiden. <\/p>\n\n\n\n<p><strong> <a href=\"http:\/\/xn--saaristovlittj-eibeb.fi\/sv\/foretaget\">L\u00e4s mer om f\u00f6retaget \u00bb<\/a> <\/strong><\/p>\n\n\n\n<p> <\/p>\n<\/div>\n\n\n\n<div class=\"wp-block-column is-layout-flow wp-block-column-is-layout-flow\">\n<h4 class=\"wp-block-heading\"><strong> V\u00e4lkommen att v\u00e4nda dig till oss<\/strong><\/h4>\n\n\n\n<h4 class=\"wp-block-heading\"> <strong>n\u00e4r du funderar p\u00e5 att s\u00e4lja!<\/strong><\/h4>\n\n\n\n<p><\/p>\n\n\n\n<p><\/p>\n\n\n\n<p><\/p>\n\n\n\n<h4 class=\"wp-block-heading\"><strong> Teija Laaksonen, 0400 827 788 <\/strong><\/h4>\n\n\n\n<p><\/p>\n\n\n\n<h4 class=\"wp-block-heading\"><strong> Pertti Salonen, 0400 309 490 <\/strong><\/h4>\n\n\n\n<p><\/p>\n\n\n\n<h4 class=\"wp-block-heading\"> <strong>Annalotta Santa-Paavola 040 5464 539<\/strong><\/h4>\n\n\n\n<figure class=\"wp-block-image size-large\"><img loading=\"lazy\" decoding=\"async\" width=\"1024\" height=\"684\" src=\"https:\/\/xn--saaristovlittj-eibeb.fi\/wp-content\/uploads\/2022\/10\/DSC09818-1024x684.jpeg\" alt=\"\" class=\"wp-image-82174\" srcset=\"https:\/\/xn--saaristovlittj-eibeb.fi\/wp-content\/uploads\/2022\/10\/DSC09818-1024x684.jpeg 1024w, https:\/\/xn--saaristovlittj-eibeb.fi\/wp-content\/uploads\/2022\/10\/DSC09818-300x200.jpeg 300w, https:\/\/xn--saaristovlittj-eibeb.fi\/wp-content\/uploads\/2022\/10\/DSC09818-768x513.jpeg 768w, https:\/\/xn--saaristovlittj-eibeb.fi\/wp-content\/uploads\/2022\/10\/DSC09818-1536x1026.jpeg 1536w, https:\/\/xn--saaristovlittj-eibeb.fi\/wp-content\/uploads\/2022\/10\/DSC09818-2048x1368.jpeg 2048w\" sizes=\"auto, (max-width: 1024px) 100vw, 1024px\" \/><\/figure>\n<\/div>\n<\/div>\n<\/div><\/div>\n\n\n<div class=\"info\">\n    <div class=\"info_container container\">\n        <div class=\"info__row row\">\n            <div class=\"info__blog__wrap info__wrap\">\n                <div class=\"info__blog\">\n                                            <h2 class=\"info__blog__title info__title\"\n                            style=\"background-color: #ad9f8e; color: #ffffff\">\n                            BLOGG                        <\/h2>\n                    \n                    <div class=\"info__blog__content info__content\">\n                                                <h2 class=\"info__blog__post__title\">Vapaa-ajan unelmia<\/h2>\n                            <div class=\"info__blog__post__excerpt\"><p>Maailman kauneimmaksi kuvaillussa saaristossa maisema vaihtuu jatkuvasti karuista kallioluodoista el\u00e4viin saaristokyliin ja ulkomeren ulapoista suojaisiin kalliopoukamiin. Nyt enemm\u00e4n kuin koskaan saariston puhdas ymp\u00e4rist\u00f6, laajat ulapat, tuhannet saaret ja tunnelmalliset perinnemaisemat, ovat tuoneet rauhaa ja turvallisuutta etsiv\u00e4t ihmiset saaristomeren \u00e4\u00e4relle. Moni n\u00e4ist\u00e4 on aloittanut lumoavan seikkailun saaristossa, jossa p\u00e4\u00e4see heng\u00e4ht\u00e4m\u00e4\u00e4n kaupunkien kiireist\u00e4 avaran meren \u00e4\u00e4relle! Kuluneen &#8230;<\/p>\n<\/div>\n                            <a class=\"info__blog__link\" href=\"\/blog\">Lue\n                                lis\u00e4\u00e4\n                                blogistamme \u00bb<\/a>\n                                                    <h2 class=\"info__blog__post__title\">VUODEN 2024 N\u00c4KYM\u00c4T ASUNTO JA VAPAA-AJAN KIINTEIST\u00d6JEN MARKKINOILLA.<\/h2>\n                            <div class=\"info__blog__post__excerpt\"><p>Kiinteist\u00f6nv\u00e4litysalan Keskusliiton Hintaseurantapalvelun asuntokauppadatan mukaan kauppam\u00e4\u00e4r\u00e4t putosivat valtakunnallisesti 2023 vuoteen 2022 verrattuna ja kun my\u00f6s 2022 asuntokauppam\u00e4\u00e4r\u00e4t laskivat pitk\u00e4n aikav\u00e4lin keskiarvoon verrattuna, voidaan sanoa, ett\u00e4 vuosi 2023 oli kiinteist\u00f6nv\u00e4litysalan kannalta haastava. Asuntokaupan odotetaan nyt kuitenkin piristyv\u00e4n vuonna 2024 verrattuna vuoteen 2023 ja n\u00e4ill\u00e4 n\u00e4kymin asuntokauppam\u00e4\u00e4r\u00e4t olisivat kasvussa vuonna 2024 verrattuna vuoden 2023 lukuihin. Meill\u00e4kin Saaristov\u00e4litt\u00e4j\u00e4ll\u00e4 &#8230;<\/p>\n<\/div>\n                            <a class=\"info__blog__link\" href=\"\/blog\">Lue\n                                lis\u00e4\u00e4\n                                blogistamme \u00bb<\/a>\n                                                                                        <\/div>\n                <\/div>\n            <\/div>\n\n            <div class=\"info__fb__wrap info__wrap\">\n                <div class=\"info__fb\">\n                                            <h2 class=\"info__fb__title info__title\"\n                            style=\"background-color: #ad9f8e; color: #ffffff\">\n                            Facebook                        <\/h2>\n                                        <div class=\"info__fb__content info__content\">\n                                            <div class=\"info__fb__widget\">\n                            <div class=\"fb-page\" data-href=\"https:\/\/www.facebook.com\/saaristovalittaja\" data-tabs=\"timeline\" data-width=\"340\" data-height=\"315\" data-small-header=\"true\" data-adapt-container-width=\"true\" data-hide-cover=\"true\" data-show-facepile=\"true\">\n<blockquote cite=\"https:\/\/www.facebook.com\/saaristovalittaja\" class=\"fb-xfbml-parse-ignore\"><p><a href=\"https:\/\/www.facebook.com\/saaristovalittaja\">Saaristov\u00e4litt\u00e4j\u00e4 Oy   Sk\u00e4rg\u00e5rdsm\u00e4klaren Ab<\/a><\/p><\/blockquote>\n<\/div>\n                        <\/div>\n                                        <\/div>\n                <\/div>\n            <\/div>\n\n        <\/div>\n    <\/div>\n<\/div>\n\n\n<p><\/p>\n","protected":false},"excerpt":{"rendered":"<p>Om oss Sk\u00e4rg\u00e5rdsm\u00e4klaren Ab \u00e4r ett lokalt f\u00f6retag som redan i 40 \u00e5r fungerat i Pargas och sk\u00e4rg\u00e5rden. Vi har valt att forts\u00e4tta som familjef\u00f6retag. Hos oss blir du betj\u00e4nad av samma bekanta kunniga personal. Vi \u00e4r m\u00e5na om v\u00e5rt goda rykte och upplever att vi har lyckats n\u00e4r v\u00e5ra kunder rekommenderar oss f\u00f6r sina &#8230;<\/p>\n","protected":false},"author":6,"featured_media":0,"parent":0,"menu_order":0,"comment_status":"closed","ping_status":"open","template":"page-templates\/home.php","meta":{"_acf_changed":false,"inline_featured_image":false,"footnotes":""},"class_list":["post-617","page","type-page","status-publish","hentry"],"acf":[],"_links":{"self":[{"href":"https:\/\/xn--saaristovlittj-eibeb.fi\/sv\/wp-json\/wp\/v2\/pages\/617","targetHints":{"allow":["GET"]}}],"collection":[{"href":"https:\/\/xn--saaristovlittj-eibeb.fi\/sv\/wp-json\/wp\/v2\/pages"}],"about":[{"href":"https:\/\/xn--saaristovlittj-eibeb.fi\/sv\/wp-json\/wp\/v2\/types\/page"}],"author":[{"embeddable":true,"href":"https:\/\/xn--saaristovlittj-eibeb.fi\/sv\/wp-json\/wp\/v2\/users\/6"}],"replies":[{"embeddable":true,"href":"https:\/\/xn--saaristovlittj-eibeb.fi\/sv\/wp-json\/wp\/v2\/comments?post=617"}],"version-history":[{"count":14,"href":"https:\/\/xn--saaristovlittj-eibeb.fi\/sv\/wp-json\/wp\/v2\/pages\/617\/revisions"}],"predecessor-version":[{"id":82469,"href":"https:\/\/xn--saaristovlittj-eibeb.fi\/sv\/wp-json\/wp\/v2\/pages\/617\/revisions\/82469"}],"wp:attachment":[{"href":"https:\/\/xn--saaristovlittj-eibeb.fi\/sv\/wp-json\/wp\/v2\/media?parent=617"}],"curies":[{"name":"wp","href":"https:\/\/api.w.org\/{rel}","templated":true}]}}