{"id":644,"date":"2020-02-13T14:43:40","date_gmt":"2020-02-13T14:43:40","guid":{"rendered":"http:\/\/saaristovalittaja.local\/asunnot\/"},"modified":"2022-04-25T08:39:33","modified_gmt":"2022-04-25T06:39:33","slug":"bostader","status":"publish","type":"page","link":"https:\/\/xn--saaristovlittj-eibeb.fi\/sv\/bostader\/","title":{"rendered":"Bost\u00e4der"},"content":{"rendered":"\n<h4 class=\"wp-block-heading\">Efterfr\u00e5gan p\u00e5 bost\u00e4der &#8211; vi ger dig ett bra f\u00f6rmedlingsanbud p\u00e5 f\u00f6rs\u00e4ljningen av ditt hem !<\/h4>\n","protected":false},"excerpt":{"rendered":"<p>Efterfr\u00e5gan p\u00e5 bost\u00e4der &#8211; vi ger dig ett bra f\u00f6rmedlingsanbud p\u00e5 f\u00f6rs\u00e4ljningen av ditt hem ! &#8230;<\/p>\n","protected":false},"author":6,"featured_media":0,"parent":0,"menu_order":0,"comment_status":"closed","ping_status":"closed","template":"page-templates\/kivi-archive.php","meta":{"_acf_changed":false,"inline_featured_image":false,"footnotes":""},"class_list":["post-644","page","type-page","status-publish","hentry"],"acf":[],"_links":{"self":[{"href":"https:\/\/xn--saaristovlittj-eibeb.fi\/sv\/wp-json\/wp\/v2\/pages\/644","targetHints":{"allow":["GET"]}}],"collection":[{"href":"https:\/\/xn--saaristovlittj-eibeb.fi\/sv\/wp-json\/wp\/v2\/pages"}],"about":[{"href":"https:\/\/xn--saaristovlittj-eibeb.fi\/sv\/wp-json\/wp\/v2\/types\/page"}],"author":[{"embeddable":true,"href":"https:\/\/xn--saaristovlittj-eibeb.fi\/sv\/wp-json\/wp\/v2\/users\/6"}],"replies":[{"embeddable":true,"href":"https:\/\/xn--saaristovlittj-eibeb.fi\/sv\/wp-json\/wp\/v2\/comments?post=644"}],"version-history":[{"count":1,"href":"https:\/\/xn--saaristovlittj-eibeb.fi\/sv\/wp-json\/wp\/v2\/pages\/644\/revisions"}],"predecessor-version":[{"id":77456,"href":"https:\/\/xn--saaristovlittj-eibeb.fi\/sv\/wp-json\/wp\/v2\/pages\/644\/revisions\/77456"}],"wp:attachment":[{"href":"https:\/\/xn--saaristovlittj-eibeb.fi\/sv\/wp-json\/wp\/v2\/media?parent=644"}],"curies":[{"name":"wp","href":"https:\/\/api.w.org\/{rel}","templated":true}]}}