{"id":667,"date":"2020-02-06T20:08:37","date_gmt":"2020-02-06T20:08:37","guid":{"rendered":"http:\/\/saaristovalittaja.local\/yritysesittely\/"},"modified":"2025-04-11T10:38:48","modified_gmt":"2025-04-11T08:38:48","slug":"foretaget","status":"publish","type":"page","link":"https:\/\/xn--saaristovlittj-eibeb.fi\/sv\/foretaget\/","title":{"rendered":"Om f\u00f6retaget"},"content":{"rendered":"\n<div class=\"wp-block-columns is-layout-flex wp-container-core-columns-is-layout-1 wp-block-columns-is-layout-flex\">\n<div class=\"wp-block-column is-layout-flow wp-block-column-is-layout-flow\">\n<p>Sk\u00e4rg\u00e5rdsm\u00e4klaren Ab \u00e4r ett lokalt f\u00f6retag som redan \u00f6ver 40 \u00e5r har fungerat i Pargas och sk\u00e4rg\u00e5rden. Vi har valt att forts\u00e4tta som ett familjef\u00f6retag. Hos oss blir du betj\u00e4nad av samma bekanta&nbsp;kunniga personal.<\/p>\n\n\n\n<p>Vi \u00e4r ett mycket bra team, d\u00e4r alla aktivt arbetar mot samma m\u00e5l&nbsp;f\u00f6r att&nbsp;alla parter skall k\u00e4nna sig n\u00f6jda.<\/p>\n\n\n\n<p>Vi \u00e4r m\u00e5na om v\u00e5rt goda rykte och upplever att vi har lyckats n\u00e4r v\u00e5ra kunder rekommenderar oss f\u00f6r sina bekanta. V\u00e5r tanke \u00e4r att du som kund skall k\u00e4nna dig omh\u00e4ndertagen och trygg under hela f\u00f6rs\u00e4ljningsskedet.<\/p>\n\n\n\n<p>Vi \u00e4r en \u00e4rlig och frist\u00e5ende fastighetsf\u00f6rmedlingsbyr\u00e5 med goda kontakter till olika banker och tj\u00e4nstem\u00e4n. Vi kan branschens lagstiftning och f\u00f6ljer Finlands Fastighetsm\u00e4klare r.f:s rekommendationer om etik och God F\u00f6rmedlingssed. Vi \u00e4r ansvarsf\u00f6rs\u00e4krade och fortbildar oss mera hela tiden.<\/p>\n<\/div>\n\n\n\n<div class=\"wp-block-column is-layout-flow wp-block-column-is-layout-flow\">\n<div style=\"height:48px\" aria-hidden=\"true\" class=\"wp-block-spacer\"><\/div>\n\n\n\n<figure class=\"wp-block-image size-large\"><img decoding=\"async\" src=\"https:\/\/xn--saaristovlittj-eibeb.fi\/wp-content\/uploads\/2020\/02\/yritysesittely1.jpg\" alt=\"\" class=\"wp-image-402\"\/><\/figure>\n\n\n\n<figure class=\"wp-block-image size-large\"><img decoding=\"async\" src=\"https:\/\/xn--saaristovlittj-eibeb.fi\/wp-content\/uploads\/2022\/02\/Logo_lyhytversio-100_300.jpg\" alt=\"\" class=\"wp-image-77167\"\/><\/figure>\n<\/div>\n<\/div>\n\n\n\n<h4 class=\"wp-block-heading\"><strong> V\u00e4rden <\/strong><\/h4>\n\n\n\n<ol class=\"wp-block-list\">\n<li>L\u00f6nsamhet \u00e4r ett best\u00e5ende m\u00e5l\n<ul class=\"wp-block-list\">\n<li> Styr v\u00e5ra investeringar och v\u00e5r utveckling <\/li>\n\n\n\n<li> Tryggar en stabil utveckling, god avkastning f\u00f6r \u00e4garna, konkurrenskraftiga f\u00f6rm\u00e5ner f\u00f6r personalen, f\u00f6ruts\u00e4ttning f\u00f6r fortsatt verksamhet <\/li>\n<\/ul>\n<\/li>\n\n\n\n<li>\u00c4rlighet \u00e4r en grundf\u00f6ruts\u00e4ttning\n<ul class=\"wp-block-list\">\n<li> Kunderna, personalen och v\u00e5ra samarbetspartner kan lita p\u00e5 att vi arbetar med h\u00f6g moral, r\u00e4ttvist\u00e4nkande och god etik <\/li>\n<\/ul>\n<\/li>\n\n\n\n<li>Vi prutar inte p\u00e5 sakkunskapen\n<ul class=\"wp-block-list\">\n<li> B\u00e4sta kunskapen om f\u00f6rh\u00e5llandena p\u00e5 marknaden, b\u00e4sta till\u00e4ggstj\u00e4nsterna och h\u00f6gsta prioritet p\u00e5 bra kundservice <\/li>\n<\/ul>\n<\/li>\n<\/ol>\n\n\n\n<h4 class=\"wp-block-heading\"><strong> V\u00e5ra l\u00f6ften <\/strong><\/h4>\n\n\n\n<ol class=\"wp-block-list\">\n<li>B\u00e4sta kunskapen om marknadsf\u00f6rh\u00e5llandena\n<ul class=\"wp-block-list\">\n<li> Det b\u00e4sta priset som kan uppn\u00e5s p\u00e5 en realistisk f\u00f6rs\u00e4ljningstid <\/li>\n\n\n\n<li> Den enda lokala m\u00e4klaren <\/li>\n<\/ul>\n<\/li>\n\n\n\n<li>Kunniga och tj\u00e4nstvilliga\n<ul class=\"wp-block-list\">\n<li> Utbildning av personal och personlig utveckling \u00e4r en sj\u00e4lvklar sak <\/li>\n\n\n\n<li> Vi har mod att utmana oss sj\u00e4lv och f\u00f6rm\u00e5ga att lyckas <\/li>\n\n\n\n<li> Vi utg\u00e5r alltid fr\u00e5n kundens behov och t\u00e4nker p\u00e5 en l\u00e5ngsiktig relation <\/li>\n\n\n\n<li> Alla beh\u00f6vliga juridiska till\u00e4ggstj\u00e4nster p\u00e5 samma st\u00e4lle <\/li>\n<\/ul>\n<\/li>\n\n\n\n<li>P\u00e5litliga och \u00e4rliga\n<ul class=\"wp-block-list\">\n<li> Samarbetar med myndigheter och banker <\/li>\n<\/ul>\n<\/li>\n\n\n\n<li>L\u00f6nsamhet\n<ul class=\"wp-block-list\">\n<li> Ett gott resultat \u00e4r en f\u00f6ruts\u00e4ttning f\u00f6r fortsatt verksamhet <\/li>\n<\/ul>\n<\/li>\n<\/ol>\n\n\n\n<h4 class=\"wp-block-heading\"><strong>Prislista<\/strong><\/h4>\n\n\n\n<p>I V\u00c5RT F\u00d6RMEDLINGSARVODE ING\u00c5R:<\/p>\n\n\n\n<ul class=\"wp-block-list\">\n<li>Bes\u00f6k p\u00e5 platsen och v\u00e4rdering av objektet<\/li>\n\n\n\n<li>Fotografering. Flygbilder och 3D bilder enligt \u00f6verenskommelse<\/li>\n\n\n\n<li>Beh\u00f6vliga dokument och kontrollering av dem<\/li>\n\n\n\n<li>Framtagning av marknadsf\u00f6ringsmaterial<\/li>\n\n\n\n<li>Annonsering p\u00e5 Etuovi- och Oikotie portalerna samt f\u00f6retagets egna sociala medier<\/li>\n\n\n\n<li>Tidningsannonsering enligt \u00f6verenskommelse<\/li>\n\n\n\n<li>F\u00f6rmedlaren personligen p\u00e5 visningarna<\/li>\n\n\n\n<li>Uppg\u00f6rande av k\u00f6pebrev och arrangerande av k\u00f6petillf\u00e4lle<\/li>\n\n\n\n<li>B\u00e5ttransporter till objekt p\u00e5 holme<\/li>\n<\/ul>\n\n\n\n<p><\/p>\n\n\n\n<h4 class=\"wp-block-heading\"><strong>F\u00f6rmedlingsarvode<\/strong><\/h4>\n\n\n\n<p><strong>Bost\u00e4der och egnahemshus<\/strong> \u2013 4,05 % av skuldfria priset, minimiarvode 3300 \u20ac<\/p>\n\n\n\n<p><strong>Fritidsobjekt<\/strong> \u2013 5,05 %, minimiarvode 3800 \u20ac<\/p>\n\n\n\n<p><strong>Sk\u00e4rg\u00e5rdsobjekt som kr\u00e4ver b\u00e5ttransport eller andra specialarrangemang<\/strong> \u2013 6,50 %, minimiarvode 4600 \u20ac<\/p>\n\n\n\n<p><strong>Hyresf\u00f6rmedling <\/strong>\u2013 1,255 x m\u00e5nadshyran, minimiarvode 650 \u20ac<\/p>\n\n\n\n<p>I priserna ing\u00e5r moms 25,5 %<\/p>\n\n\n\n<p>Ut\u00f6ver f\u00f6rmedlingsarvodet debiteras kostnaderna f\u00f6r beh\u00f6vliga handlingar.<\/p>\n\n\n\n<p><br><strong>HOS OSS BETALAR DU INGET OM F\u00d6RS\u00c4LJNINGEN AVSLUTAS UTAN K\u00d6P<\/strong><\/p>\n\n\n\n<h4 class=\"wp-block-heading\"><strong>V\u00e4rdering<\/strong>   <\/h4>\n\n\n\n<p>MUNTLIG V\u00c4RDERING VID EVENTUELLT UPPDRAGSKONTRAKT ALLTID KOSTNADSFRITT<\/p>\n\n\n\n<p>Skriftlig v\u00e4rdering, utan platssyn, 390 \u20ac<br>Skriftlig v\u00e4rdering, aktiel\u00e4genhet 460 \u20ac + resekostnader och handlingar<br>Skriftlig v\u00e4rdering, fastighet 660 \u20ac + resekostnader och handlingar<\/p>\n\n\n\n<p><\/p>\n\n\n\n<h4 class=\"wp-block-heading\"><strong>\u00d6vriga uppdrag<\/strong><\/h4>\n\n\n\n<p><strong>Uppg\u00f6rande av k\u00f6pebrev<\/strong><\/p>\n\n\n\n<ul class=\"wp-block-list\">\n<li>Aktiel\u00e4genhet 460 \u20ac<\/li>\n\n\n\n<li>Fastighet 660 \u20ac<\/li>\n\n\n\n<li>K\u00f6pvittne 128 \u20ac<\/li>\n<\/ul>\n\n\n\n<p>Kostnader f\u00f6r handlingar.<\/p>\n\n\n\n<p><\/p>\n\n\n\n<p><strong>Juridiska \u00e4renden<\/strong><\/p>\n\n\n\n<ul class=\"wp-block-list\">\n<li>Bouppteckning (inkl. v\u00e4rdering), 1050 \u20ac + handlingar<\/li>\n\n\n\n<li>G\u00e5vobrev (inkl. v\u00e4rdering), 1050 \u20ac + handlingar<\/li>\n\n\n\n<li>Testamente, 550 \u20ac<\/li>\n\n\n\n<li>Intressebevakningsfullmakt, 160 \u20ac<\/li>\n\n\n\n<li>Livstestamente, 160 \u20ac<\/li>\n\n\n\n<li>Registrering av \u00e4gander\u00e4tt till aktiel\u00e4genhet, 160 \u20ac + registreringsavgift LMV 69 \u20ac<\/li>\n\n\n\n<li>Kort konsultering, 150 \u20ac<\/li>\n<\/ul>\n\n\n\n<p><strong>Handlingar<\/strong><br><br>Fastighetsregisterutdrag 20,00 \u20ac<br>Lagfartsbevis 20,00 \u20ac<br>Gravationsbevis 20,00 \u20ac<br>Kartutdrag 20,00 \u20ac<br>Disponentintyg enligt faktura<\/p>\n\n\n\n<p>I priserna ing\u00e5r moms 25,5 %<\/p>\n\n\n\n<p><\/p>\n\n\n\n<p><\/p>\n\n\n\n<div style=\"height:45px\" aria-hidden=\"true\" class=\"wp-block-spacer\"><\/div>\n","protected":false},"excerpt":{"rendered":"<p>Sk\u00e4rg\u00e5rdsm\u00e4klaren Ab \u00e4r ett lokalt f\u00f6retag som redan \u00f6ver 40 \u00e5r har fungerat i Pargas och sk\u00e4rg\u00e5rden. Vi har valt att forts\u00e4tta som ett familjef\u00f6retag. Hos oss blir du betj\u00e4nad av samma bekanta&nbsp;kunniga personal. Vi \u00e4r ett mycket bra team, d\u00e4r alla aktivt arbetar mot samma m\u00e5l&nbsp;f\u00f6r att&nbsp;alla parter skall k\u00e4nna sig n\u00f6jda. Vi \u00e4r &#8230;<\/p>\n","protected":false},"author":6,"featured_media":0,"parent":0,"menu_order":0,"comment_status":"closed","ping_status":"closed","template":"","meta":{"_acf_changed":false,"inline_featured_image":false,"footnotes":""},"class_list":["post-667","page","type-page","status-publish","hentry"],"acf":[],"_links":{"self":[{"href":"https:\/\/xn--saaristovlittj-eibeb.fi\/sv\/wp-json\/wp\/v2\/pages\/667","targetHints":{"allow":["GET"]}}],"collection":[{"href":"https:\/\/xn--saaristovlittj-eibeb.fi\/sv\/wp-json\/wp\/v2\/pages"}],"about":[{"href":"https:\/\/xn--saaristovlittj-eibeb.fi\/sv\/wp-json\/wp\/v2\/types\/page"}],"author":[{"embeddable":true,"href":"https:\/\/xn--saaristovlittj-eibeb.fi\/sv\/wp-json\/wp\/v2\/users\/6"}],"replies":[{"embeddable":true,"href":"https:\/\/xn--saaristovlittj-eibeb.fi\/sv\/wp-json\/wp\/v2\/comments?post=667"}],"version-history":[{"count":6,"href":"https:\/\/xn--saaristovlittj-eibeb.fi\/sv\/wp-json\/wp\/v2\/pages\/667\/revisions"}],"predecessor-version":[{"id":95125,"href":"https:\/\/xn--saaristovlittj-eibeb.fi\/sv\/wp-json\/wp\/v2\/pages\/667\/revisions\/95125"}],"wp:attachment":[{"href":"https:\/\/xn--saaristovlittj-eibeb.fi\/sv\/wp-json\/wp\/v2\/media?parent=667"}],"curies":[{"name":"wp","href":"https:\/\/api.w.org\/{rel}","templated":true}]}}