{"id":671,"date":"2020-02-06T18:45:40","date_gmt":"2020-02-06T18:45:40","guid":{"rendered":"http:\/\/saaristovalittaja.local\/ota-yhteytta\/"},"modified":"2025-08-12T13:04:09","modified_gmt":"2025-08-12T11:04:09","slug":"kontakta-oss","status":"publish","type":"page","link":"https:\/\/xn--saaristovlittj-eibeb.fi\/sv\/kontakta-oss\/","title":{"rendered":"Kontaktuppgifter"},"content":{"rendered":"\n<div class=\"wp-block-columns is-layout-flex wp-container-core-columns-is-layout-1 wp-block-columns-is-layout-flex\">\n<div class=\"wp-block-column contact__info is-layout-flow wp-block-column-is-layout-flow\">\n<p><strong>Sk\u00e4rg\u00e5rdsm\u00e4klaren Ab<\/strong><br>K\u00f6pmansgatan 9,&nbsp; 21600 Pargas<br>tel. 0400 827 788 \/ Teija Laaksonen<br>FO-nr: 1813162-3<br><br>\u00d6ppeth\u00e5llningstider:<br>m\u00e5ndag &#8211; fredag&nbsp; 9.00 &#8211; 16.00<br>eller enligt \u00f6verenskommelse.<br><br>V\u00e4nligen kom \u00f6verens om ditt bes\u00f6k i f\u00f6rv\u00e4g.<br><br>P\u00e5 grund av v\u00e5rt arbetes karakt\u00e4r \u00e4r vi inte alltid <br>n\u00e4rvarande under kontorstid.<\/p>\n\n\n\n<p><a href=\"mailto:info@saaristovalittaja.fi\">info@saaristovalittaja.fi<\/a><br><br>f\u00f6rnamn.efternamn@saaristovalittaja.fi<br><br>Kontakta oss, vi finns h\u00e4r f\u00f6r dej!<\/p>\n\n\n\n<p><strong><a href=\"https:\/\/xn--saaristovlittj-eibeb.fi\/sv\/teija-laaksonen\/\">Teija Laaksonen<\/a><\/strong><br>Viceh\u00e4radsh\u00f6vding,<br>Fastighetsm\u00e4klare AFM<br>Offentligt k\u00f6pvittne<br>tel.\u00a0<a href=\"tel:0400827788\">0400 827 788<\/a><\/p>\n\n\n\n<p><strong><a href=\"https:\/\/xn--saaristovlittj-eibeb.fi\/sv\/pertti-salonen\/\">Pertti Salonen<\/a><\/strong><br>Fastighetsm\u00e4klare AFM, KiAT<br>tel.&nbsp;<a href=\"tel:0400309490\">0400 309 490<\/a><\/p>\n\n\n\n<p><a href=\"https:\/\/saaristov\u00e4litt\u00e4j\u00e4.fi\/sv\/annalotta-santa-paavola\/\">Annalotta Santa-Paavola<\/a><br>Verkst\u00e4llande direkt\u00f6r<br>Fastighetsm\u00e4klare AFM, KiAT<br>tel.\u00a0<a href=\"tel:0405464539\">040 5464 539<\/a><\/p>\n<\/div>\n\n\n\n<div class=\"wp-block-column contact__form is-layout-flow wp-block-column-is-layout-flow\">\n<div style=\"height:56px\" aria-hidden=\"true\" class=\"wp-block-spacer\"><\/div>\n\n\n\n<h3 class=\"wp-block-heading\"><strong> Kontaktformul\u00e4r  <\/strong><\/h3>\n\n\n\n<div class=\"wpcf7 no-js\" id=\"wpcf7-f675-o1\" lang=\"en-US\" dir=\"ltr\" data-wpcf7-id=\"675\">\n<div class=\"screen-reader-response\"><p role=\"status\" aria-live=\"polite\" aria-atomic=\"true\"><\/p> <ul><\/ul><\/div>\n<form action=\"\/sv\/wp-json\/wp\/v2\/pages\/671#wpcf7-f675-o1\" method=\"post\" class=\"wpcf7-form init\" aria-label=\"Contact form\" novalidate=\"novalidate\" data-status=\"init\">\n<div style=\"display: none;\">\n<input type=\"hidden\" name=\"_wpcf7\" value=\"675\" \/>\n<input type=\"hidden\" name=\"_wpcf7_version\" value=\"6.0.5\" \/>\n<input type=\"hidden\" name=\"_wpcf7_locale\" value=\"en_US\" \/>\n<input type=\"hidden\" name=\"_wpcf7_unit_tag\" value=\"wpcf7-f675-o1\" \/>\n<input type=\"hidden\" name=\"_wpcf7_container_post\" value=\"0\" \/>\n<input type=\"hidden\" name=\"_wpcf7_posted_data_hash\" value=\"\" \/>\n<\/div>\n<p><span class=\"wpcf7-form-control-wrap\" data-name=\"your-subj\"><span class=\"wpcf7-form-control wpcf7-radio\"><span class=\"wpcf7-list-item first\"><input type=\"radio\" name=\"your-subj\" value=\"Jag vill ha mera information\" checked=\"checked\" \/><span class=\"wpcf7-list-item-label\">Jag vill ha mera information<\/span><\/span><span class=\"wpcf7-list-item\"><input type=\"radio\" name=\"your-subj\" value=\"Jag funderar p\u00e5 att s\u00e4lja\" \/><span class=\"wpcf7-list-item-label\">Jag funderar p\u00e5 att s\u00e4lja<\/span><\/span><span class=\"wpcf7-list-item last\"><input type=\"radio\" name=\"your-subj\" value=\"Feedback\" \/><span class=\"wpcf7-list-item-label\">Feedback<\/span><\/span><\/span><\/span>\n<\/p>\n<p><span class=\"wpcf7-form-control-wrap\" data-name=\"your-name\"><input size=\"40\" maxlength=\"400\" class=\"wpcf7-form-control wpcf7-text\" aria-invalid=\"false\" placeholder=\"Namn\" value=\"\" type=\"text\" name=\"your-name\" \/><\/span>\n<\/p>\n<p><span class=\"wpcf7-form-control-wrap\" data-name=\"your-phone\"><input size=\"40\" maxlength=\"400\" class=\"wpcf7-form-control wpcf7-tel wpcf7-text wpcf7-validates-as-tel\" aria-invalid=\"false\" placeholder=\"Telefon\" value=\"\" type=\"tel\" name=\"your-phone\" \/><\/span>\n<\/p>\n<p><span class=\"wpcf7-form-control-wrap\" data-name=\"your-email\"><input size=\"40\" maxlength=\"400\" class=\"wpcf7-form-control wpcf7-email wpcf7-validates-as-required wpcf7-text wpcf7-validates-as-email\" aria-required=\"true\" aria-invalid=\"false\" placeholder=\"E-post\" value=\"\" type=\"email\" name=\"your-email\" \/><\/span>\n<\/p>\n<p><label> Objekt<br \/>\n<span class=\"wpcf7-form-control-wrap\" data-name=\"your-item\"><input size=\"40\" maxlength=\"400\" class=\"wpcf7-form-control wpcf7-text\" aria-invalid=\"false\" placeholder=\"Objekt\" value=\"\" type=\"text\" name=\"your-item\" \/><\/span> <\/label>\n<\/p>\n<p><label> Meddelande<br \/>\n<span class=\"wpcf7-form-control-wrap\" data-name=\"your-message\"><textarea cols=\"40\" rows=\"10\" maxlength=\"2000\" class=\"wpcf7-form-control wpcf7-textarea\" aria-invalid=\"false\" name=\"your-message\"><\/textarea><\/span> <\/label>\n<\/p>\n<p><label> Hur hittade du oss?<br \/>\n<span class=\"wpcf7-form-control-wrap\" data-name=\"your-find\"><select class=\"wpcf7-form-control wpcf7-select\" aria-invalid=\"false\" name=\"your-find\"><option value=\"Lehti-ilmoitus\">Lehti-ilmoitus<\/option><option value=\"Etuovi.com\">Etuovi.com<\/option><option value=\"Oikotie\">Oikotie<\/option><option value=\"Googlasin\">Googlasin<\/option><option value=\"Facebook\">Facebook<\/option><option value=\"Tuttava\">Tuttava<\/option><option value=\"Messuilta\">Messuilta<\/option><option value=\"Tunnen ennestaan\">Tunnen ennestaan<\/option><\/select><\/span><br \/>\n<\/label>\n<\/p>\n<p><input class=\"wpcf7-form-control wpcf7-submit has-spinner\" type=\"submit\" value=\"Skicka\" \/>\n<\/p><div class=\"wpcf7-response-output\" aria-hidden=\"true\"><\/div>\n<\/form>\n<\/div>\n\n<\/div>\n\n\n\n<div class=\"wp-block-column is-layout-flow wp-block-column-is-layout-flow\">\n<figure class=\"wp-block-image size-large\"><img loading=\"lazy\" decoding=\"async\" width=\"1024\" height=\"684\" src=\"https:\/\/xn--saaristovlittj-eibeb.fi\/wp-content\/uploads\/2022\/10\/DSC09818-1024x684.jpeg\" alt=\"\" class=\"wp-image-82174\" srcset=\"https:\/\/xn--saaristovlittj-eibeb.fi\/wp-content\/uploads\/2022\/10\/DSC09818-1024x684.jpeg 1024w, https:\/\/xn--saaristovlittj-eibeb.fi\/wp-content\/uploads\/2022\/10\/DSC09818-300x200.jpeg 300w, https:\/\/xn--saaristovlittj-eibeb.fi\/wp-content\/uploads\/2022\/10\/DSC09818-768x513.jpeg 768w, https:\/\/xn--saaristovlittj-eibeb.fi\/wp-content\/uploads\/2022\/10\/DSC09818-1536x1026.jpeg 1536w, https:\/\/xn--saaristovlittj-eibeb.fi\/wp-content\/uploads\/2022\/10\/DSC09818-2048x1368.jpeg 2048w\" sizes=\"auto, (max-width: 1024px) 100vw, 1024px\" \/><\/figure>\n\n\n\n<div style=\"height:53px\" aria-hidden=\"true\" class=\"wp-block-spacer\"><\/div>\n\n\n\n<figure class=\"wp-block-image size-large\"><img decoding=\"async\" src=\"https:\/\/xn--saaristovlittj-eibeb.fi\/wp-content\/uploads\/2022\/02\/Logo_lyhytversio-100_600-1.jpg\" alt=\"\" class=\"wp-image-77138\"\/><\/figure>\n\n\n\n<p><\/p>\n<\/div>\n<\/div>\n\n\n\n<p><\/p>\n","protected":false},"excerpt":{"rendered":"<p>Sk\u00e4rg\u00e5rdsm\u00e4klaren AbK\u00f6pmansgatan 9,&nbsp; 21600 Pargastel. 0400 827 788 \/ Teija LaaksonenFO-nr: 1813162-3 \u00d6ppeth\u00e5llningstider:m\u00e5ndag &#8211; fredag&nbsp; 9.00 &#8211; 16.00eller enligt \u00f6verenskommelse. V\u00e4nligen kom \u00f6verens om ditt bes\u00f6k i f\u00f6rv\u00e4g. P\u00e5 grund av v\u00e5rt arbetes karakt\u00e4r \u00e4r vi inte alltid n\u00e4rvarande under kontorstid. info@saaristovalittaja.fi f\u00f6rnamn.efternamn@saaristovalittaja.fi Kontakta oss, vi finns h\u00e4r f\u00f6r dej! Teija LaaksonenViceh\u00e4radsh\u00f6vding,Fastighetsm\u00e4klare AFMOffentligt k\u00f6pvittnetel.\u00a00400 827 &#8230;<\/p>\n","protected":false},"author":6,"featured_media":0,"parent":0,"menu_order":0,"comment_status":"closed","ping_status":"closed","template":"page-templates\/contact.php","meta":{"_acf_changed":false,"inline_featured_image":false,"footnotes":""},"class_list":["post-671","page","type-page","status-publish","hentry"],"acf":[],"_links":{"self":[{"href":"https:\/\/xn--saaristovlittj-eibeb.fi\/sv\/wp-json\/wp\/v2\/pages\/671","targetHints":{"allow":["GET"]}}],"collection":[{"href":"https:\/\/xn--saaristovlittj-eibeb.fi\/sv\/wp-json\/wp\/v2\/pages"}],"about":[{"href":"https:\/\/xn--saaristovlittj-eibeb.fi\/sv\/wp-json\/wp\/v2\/types\/page"}],"author":[{"embeddable":true,"href":"https:\/\/xn--saaristovlittj-eibeb.fi\/sv\/wp-json\/wp\/v2\/users\/6"}],"replies":[{"embeddable":true,"href":"https:\/\/xn--saaristovlittj-eibeb.fi\/sv\/wp-json\/wp\/v2\/comments?post=671"}],"version-history":[{"count":5,"href":"https:\/\/xn--saaristovlittj-eibeb.fi\/sv\/wp-json\/wp\/v2\/pages\/671\/revisions"}],"predecessor-version":[{"id":99366,"href":"https:\/\/xn--saaristovlittj-eibeb.fi\/sv\/wp-json\/wp\/v2\/pages\/671\/revisions\/99366"}],"wp:attachment":[{"href":"https:\/\/xn--saaristovlittj-eibeb.fi\/sv\/wp-json\/wp\/v2\/media?parent=671"}],"curies":[{"name":"wp","href":"https:\/\/api.w.org\/{rel}","templated":true}]}}