{"id":8135,"date":"2020-03-24T18:20:34","date_gmt":"2020-03-24T18:20:34","guid":{"rendered":"https:\/\/xn--saaristovlittj-eibeb.fi\/wordpress\/?page_id=8135"},"modified":"2021-04-14T07:18:48","modified_gmt":"2021-04-14T05:18:48","slug":"tomter","status":"publish","type":"page","link":"https:\/\/xn--saaristovlittj-eibeb.fi\/sv\/tomter\/","title":{"rendered":"Tomter"},"content":{"rendered":"\n<h4 class=\"wp-block-heading\">Vi f\u00f6revisar alla sk\u00e4rg\u00e5rdsobjekt med egen b\u00e5t.<br>Vi samarbetar ocks\u00e5 med lokala taxib\u00e5tar runtom i \u00c5bolands sk\u00e4rg\u00e5rd.<\/h4>\n\n\n\n<p><\/p>\n","protected":false},"excerpt":{"rendered":"<p>Vi f\u00f6revisar alla sk\u00e4rg\u00e5rdsobjekt med egen b\u00e5t.Vi samarbetar ocks\u00e5 med lokala taxib\u00e5tar runtom i \u00c5bolands sk\u00e4rg\u00e5rd. &#8230;<\/p>\n","protected":false},"author":6,"featured_media":0,"parent":0,"menu_order":0,"comment_status":"closed","ping_status":"closed","template":"page-templates\/kivi-archive.php","meta":{"_acf_changed":false,"inline_featured_image":false,"footnotes":""},"class_list":["post-8135","page","type-page","status-publish","hentry"],"acf":[],"_links":{"self":[{"href":"https:\/\/xn--saaristovlittj-eibeb.fi\/sv\/wp-json\/wp\/v2\/pages\/8135","targetHints":{"allow":["GET"]}}],"collection":[{"href":"https:\/\/xn--saaristovlittj-eibeb.fi\/sv\/wp-json\/wp\/v2\/pages"}],"about":[{"href":"https:\/\/xn--saaristovlittj-eibeb.fi\/sv\/wp-json\/wp\/v2\/types\/page"}],"author":[{"embeddable":true,"href":"https:\/\/xn--saaristovlittj-eibeb.fi\/sv\/wp-json\/wp\/v2\/users\/6"}],"replies":[{"embeddable":true,"href":"https:\/\/xn--saaristovlittj-eibeb.fi\/sv\/wp-json\/wp\/v2\/comments?post=8135"}],"version-history":[{"count":0,"href":"https:\/\/xn--saaristovlittj-eibeb.fi\/sv\/wp-json\/wp\/v2\/pages\/8135\/revisions"}],"wp:attachment":[{"href":"https:\/\/xn--saaristovlittj-eibeb.fi\/sv\/wp-json\/wp\/v2\/media?parent=8135"}],"curies":[{"name":"wp","href":"https:\/\/api.w.org\/{rel}","templated":true}]}}